{"id":404,"date":"2025-08-25T15:36:56","date_gmt":"2025-08-25T14:36:56","guid":{"rendered":"https:\/\/marcelabonturi.com\/pt\/?page_id=404"},"modified":"2025-09-23T15:22:30","modified_gmt":"2025-09-23T14:22:30","slug":"livros","status":"publish","type":"page","link":"https:\/\/marcelabonturi.com\/pt\/livros\/","title":{"rendered":"Livros"},"content":{"rendered":"\t\t<div data-elementor-type=\"wp-page\" data-elementor-id=\"404\" class=\"elementor elementor-404\" data-elementor-post-type=\"page\">\n\t\t\t\t<div class=\"elementor-element elementor-element-5c163ef e-flex e-con-boxed e-con e-parent\" data-id=\"5c163ef\" data-element_type=\"container\">\n\t\t\t\t\t<div class=\"e-con-inner\">\n\t\t\t\t<div class=\"elementor-element elementor-element-ce50d5b elementor-widget elementor-widget-heading\" data-id=\"ce50d5b\" data-element_type=\"widget\" data-widget_type=\"heading.default\">\n\t\t\t\t\t<h2 class=\"elementor-heading-title elementor-size-default\">Livros<\/h2>\t\t\t\t<\/div>\n\t\t<div class=\"elementor-element elementor-element-d109a7e e-con-full e-flex e-con e-child\" data-id=\"d109a7e\" data-element_type=\"container\">\n\t\t<div class=\"elementor-element elementor-element-ea3b411 e-con-full e-flex e-con e-child\" data-id=\"ea3b411\" data-element_type=\"container\">\n\t\t\t\t<div class=\"elementor-element elementor-element-ed83c7a elementor-widget elementor-widget-image\" data-id=\"ed83c7a\" data-element_type=\"widget\" data-widget_type=\"image.default\">\n\t\t\t\t\t\t\t\t\t\t\t\t\t\t\t<img fetchpriority=\"high\" decoding=\"async\" width=\"236\" height=\"368\" src=\"https:\/\/marcelabonturi.com\/pt\/wp-content\/uploads\/2025\/08\/autoestima-1.png\" class=\"attachment-large size-large wp-image-409\" alt=\"\" srcset=\"https:\/\/marcelabonturi.com\/pt\/wp-content\/uploads\/2025\/08\/autoestima-1.png 236w, https:\/\/marcelabonturi.com\/pt\/wp-content\/uploads\/2025\/08\/autoestima-1-192x300.png 192w\" sizes=\"(max-width: 236px) 100vw, 236px\" \/>\t\t\t\t\t\t\t\t\t\t\t\t\t\t\t<\/div>\n\t\t\t\t<\/div>\n\t\t<div class=\"elementor-element elementor-element-6e18d4d e-con-full e-flex e-con e-child\" data-id=\"6e18d4d\" data-element_type=\"container\">\n\t\t\t\t<div class=\"elementor-element elementor-element-20628f4 elementor-widget elementor-widget-heading\" data-id=\"20628f4\" data-element_type=\"widget\" data-widget_type=\"heading.default\">\n\t\t\t\t\t<h2 class=\"elementor-heading-title elementor-size-default\">Autoestima na Pr\u00e1tica<\/h2>\t\t\t\t<\/div>\n\t\t\t\t<div class=\"elementor-element elementor-element-ea92094 elementor-widget elementor-widget-text-editor\" data-id=\"ea92094\" data-element_type=\"widget\" data-widget_type=\"text-editor.default\">\n\t\t\t\t\t\t\t\t\t<p><b>Sinopse:<\/b> O livro Autoestima na Pr\u00e1tica foi escrito com o intuito de ser o seu guia de autoestima. Nas pr\u00f3ximas p\u00e1ginas voc\u00ea encontrar\u00e1 uma sequ\u00eancia com diversas atividades pr\u00e1ticas, exerc\u00edcios e din\u00e2micas que ir\u00e3o te aproximar de sua melhor vers\u00e3o. N\u00e3o precisa ter pressa, realize as atividades aos poucos, voc\u00ea pode escolher utilizar esse livro como um di\u00e1rio de atividades e escolher diariamente uma delas para colocar em pr\u00e1tica.<br data-start=\"476\" data-end=\"479\" \/>Se voc\u00ea \u00e9 Psic\u00f3loga ou Terapeuta, ter\u00e1 aqui muitas ferramentas para potencializar seu trabalho cl\u00ednico com mulheres.<\/p>\t\t\t\t\t\t\t\t<\/div>\n\t\t\t\t<div class=\"elementor-element elementor-element-6505d95 elementor-widget elementor-widget-text-editor\" data-id=\"6505d95\" data-element_type=\"widget\" data-widget_type=\"text-editor.default\">\n\t\t\t\t\t\t\t\t\t<p><b>Valor:<\/b>\u00a0<span style=\"white-space-collapse: preserve; font-size: 1rem;\"> 18\u20ac<\/span><\/p>\t\t\t\t\t\t\t\t<\/div>\n\t\t\t\t<div class=\"elementor-element elementor-element-939cd23 elementor-mobile-align-justify elementor-widget elementor-widget-button\" data-id=\"939cd23\" data-element_type=\"widget\" data-widget_type=\"button.default\">\n\t\t\t\t\t\t\t\t\t\t<a class=\"elementor-button elementor-button-link elementor-size-sm\" href=\"https:\/\/buy.stripe.com\/test_5kQ00jdkU9yYg2n1Rm8Vi03\" target=\"_blank\">\n\t\t\t\t\t\t<span class=\"elementor-button-content-wrapper\">\n\t\t\t\t\t\t\t\t\t<span class=\"elementor-button-text\">COMPRAR AGORA<\/span>\n\t\t\t\t\t<\/span>\n\t\t\t\t\t<\/a>\n\t\t\t\t\t\t\t\t<\/div>\n\t\t\t\t<\/div>\n\t\t\t\t<\/div>\n\t\t<div class=\"elementor-element elementor-element-df64c7a e-con-full e-flex e-con e-child\" data-id=\"df64c7a\" data-element_type=\"container\">\n\t\t<div class=\"elementor-element elementor-element-3887850 e-con-full e-flex e-con e-child\" data-id=\"3887850\" data-element_type=\"container\">\n\t\t\t\t<div class=\"elementor-element elementor-element-adf3109 elementor-widget elementor-widget-image\" data-id=\"adf3109\" data-element_type=\"widget\" data-widget_type=\"image.default\">\n\t\t\t\t\t\t\t\t\t\t\t\t\t\t\t<img decoding=\"async\" width=\"236\" height=\"368\" src=\"https:\/\/marcelabonturi.com\/pt\/wp-content\/uploads\/2025\/08\/convivendo-com-o-inimigo.png\" class=\"attachment-large size-large wp-image-410\" alt=\"\" srcset=\"https:\/\/marcelabonturi.com\/pt\/wp-content\/uploads\/2025\/08\/convivendo-com-o-inimigo.png 236w, https:\/\/marcelabonturi.com\/pt\/wp-content\/uploads\/2025\/08\/convivendo-com-o-inimigo-192x300.png 192w\" sizes=\"(max-width: 236px) 100vw, 236px\" \/>\t\t\t\t\t\t\t\t\t\t\t\t\t\t\t<\/div>\n\t\t\t\t<\/div>\n\t\t<div class=\"elementor-element elementor-element-53b6558 e-con-full e-flex e-con e-child\" data-id=\"53b6558\" data-element_type=\"container\">\n\t\t\t\t<div class=\"elementor-element elementor-element-eb59102 elementor-widget elementor-widget-heading\" data-id=\"eb59102\" data-element_type=\"widget\" data-widget_type=\"heading.default\">\n\t\t\t\t\t<h2 class=\"elementor-heading-title elementor-size-default\">Convivendo com o inimigo\u200b<\/h2>\t\t\t\t<\/div>\n\t\t\t\t<div class=\"elementor-element elementor-element-578b61d elementor-widget elementor-widget-text-editor\" data-id=\"578b61d\" data-element_type=\"widget\" data-widget_type=\"text-editor.default\">\n\t\t\t\t\t\t\t\t\t<p><b>Sinopse:<\/b> Este livro re\u00fane hist\u00f3rias reais e reflex\u00f5es profundas sobre a viol\u00eancia dom\u00e9stica, revelando a dor, os medos e os sil\u00eancios de mulheres que conviveram com a agress\u00e3o dentro de suas pr\u00f3prias casas. Entre relatos de Am\u00e1lia, Alice, Isabel e tantas outras, a obra mostra como o ciclo do abuso psicol\u00f3gico, f\u00edsico e emocional destr\u00f3i sonhos, mas tamb\u00e9m como a coragem e o apoio certo podem abrir caminhos para a liberta\u00e7\u00e3o e a reconstru\u00e7\u00e3o da vida. Mais do que den\u00fancia, \u00e9 um convite \u00e0 consci\u00eancia, ao acolhimento e \u00e0 transforma\u00e7\u00e3o<\/p>\t\t\t\t\t\t\t\t<\/div>\n\t\t\t\t<div class=\"elementor-element elementor-element-7d6a338 elementor-widget elementor-widget-text-editor\" data-id=\"7d6a338\" data-element_type=\"widget\" data-widget_type=\"text-editor.default\">\n\t\t\t\t\t\t\t\t\t<p><b>Valor:<\/b>\u00a0<span style=\"white-space-collapse: preserve; font-size: 1rem;\"> 18\u20ac<\/span><\/p>\t\t\t\t\t\t\t\t<\/div>\n\t\t\t\t<div class=\"elementor-element elementor-element-dc6069e elementor-mobile-align-justify elementor-widget elementor-widget-button\" data-id=\"dc6069e\" data-element_type=\"widget\" data-widget_type=\"button.default\">\n\t\t\t\t\t\t\t\t\t\t<a class=\"elementor-button elementor-button-link elementor-size-sm\" href=\"https:\/\/buy.stripe.com\/test_fZuaEXcgQh1qdUfeE88Vi04\" target=\"_blank\">\n\t\t\t\t\t\t<span class=\"elementor-button-content-wrapper\">\n\t\t\t\t\t\t\t\t\t<span class=\"elementor-button-text\">COMPRAR AGORA<\/span>\n\t\t\t\t\t<\/span>\n\t\t\t\t\t<\/a>\n\t\t\t\t\t\t\t\t<\/div>\n\t\t\t\t<\/div>\n\t\t\t\t<\/div>\n\t\t\t\t\t<\/div>\n\t\t\t\t<\/div>\n\t\t\t\t<\/div>\n\t\t","protected":false},"excerpt":{"rendered":"<p>Livros Autoestima na Pr\u00e1tica Sinopse: O livro Autoestima na Pr\u00e1tica foi escrito com o intuito de ser o seu guia de autoestima. Nas pr\u00f3ximas p\u00e1ginas voc\u00ea encontrar\u00e1 uma sequ\u00eancia com diversas atividades pr\u00e1ticas, exerc\u00edcios e din\u00e2micas que ir\u00e3o te aproximar de sua melhor vers\u00e3o. N\u00e3o precisa ter pressa, realize as atividades aos poucos, voc\u00ea pode [&hellip;]<\/p>\n","protected":false},"author":2,"featured_media":0,"parent":0,"menu_order":0,"comment_status":"closed","ping_status":"closed","template":"elementor_header_footer","meta":{"footnotes":""},"class_list":["post-404","page","type-page","status-publish","hentry"],"yoast_head":"<!-- This site is optimized with the Yoast SEO plugin v27.4 - https:\/\/yoast.com\/product\/yoast-seo-wordpress\/ -->\n<title>Livros | Psicoterapeuta em Dublin Marcela Bonturi<\/title>\n<meta name=\"description\" content=\"Marcela Bonturi, psicoterapeuta em Dublin e autora de livros sobre autoconhecimento. Terapias e obras que inspiram equil\u00edbrio emocional e bem-estar.\" \/>\n<meta name=\"robots\" content=\"index, follow, max-snippet:-1, max-image-preview:large, max-video-preview:-1\" \/>\n<link rel=\"canonical\" href=\"https:\/\/marcelabonturi.com\/pt\/livros\/\" \/>\n<meta property=\"og:locale\" content=\"pt_BR\" \/>\n<meta property=\"og:type\" content=\"article\" \/>\n<meta property=\"og:title\" content=\"Livros | Psicoterapeuta em Dublin Marcela Bonturi\" \/>\n<meta property=\"og:description\" content=\"Marcela Bonturi, psicoterapeuta em Dublin e autora de livros sobre autoconhecimento. Terapias e obras que inspiram equil\u00edbrio emocional e bem-estar.\" \/>\n<meta property=\"og:url\" content=\"https:\/\/marcelabonturi.com\/pt\/livros\/\" \/>\n<meta property=\"og:site_name\" content=\"Psicoterapeuta em Dublin Marcela Bonturi\" \/>\n<meta property=\"article:publisher\" content=\"https:\/\/www.facebook.com\/marcela.bonturi7\" \/>\n<meta property=\"article:modified_time\" content=\"2025-09-23T14:22:30+00:00\" \/>\n<meta property=\"og:image\" content=\"https:\/\/marcelabonturi.com\/pt\/wp-content\/uploads\/2025\/08\/autoestima-1.png\" \/>\n<meta name=\"twitter:card\" content=\"summary_large_image\" \/>\n<meta name=\"twitter:label1\" content=\"Est. tempo de leitura\" \/>\n\t<meta name=\"twitter:data1\" content=\"2 minutos\" \/>\n<script type=\"application\/ld+json\" class=\"yoast-schema-graph\">{\"@context\":\"https:\\\/\\\/schema.org\",\"@graph\":[{\"@type\":\"WebPage\",\"@id\":\"https:\\\/\\\/marcelabonturi.com\\\/pt\\\/livros\\\/\",\"url\":\"https:\\\/\\\/marcelabonturi.com\\\/pt\\\/livros\\\/\",\"name\":\"Livros | Psicoterapeuta em Dublin Marcela Bonturi\",\"isPartOf\":{\"@id\":\"https:\\\/\\\/marcelabonturi.com\\\/pt\\\/#website\"},\"primaryImageOfPage\":{\"@id\":\"https:\\\/\\\/marcelabonturi.com\\\/pt\\\/livros\\\/#primaryimage\"},\"image\":{\"@id\":\"https:\\\/\\\/marcelabonturi.com\\\/pt\\\/livros\\\/#primaryimage\"},\"thumbnailUrl\":\"https:\\\/\\\/marcelabonturi.com\\\/pt\\\/wp-content\\\/uploads\\\/2025\\\/08\\\/autoestima-1.png\",\"datePublished\":\"2025-08-25T14:36:56+00:00\",\"dateModified\":\"2025-09-23T14:22:30+00:00\",\"description\":\"Marcela Bonturi, psicoterapeuta em Dublin e autora de livros sobre autoconhecimento. Terapias e obras que inspiram equil\u00edbrio emocional e bem-estar.\",\"breadcrumb\":{\"@id\":\"https:\\\/\\\/marcelabonturi.com\\\/pt\\\/livros\\\/#breadcrumb\"},\"inLanguage\":\"pt-BR\",\"potentialAction\":[{\"@type\":\"ReadAction\",\"target\":[\"https:\\\/\\\/marcelabonturi.com\\\/pt\\\/livros\\\/\"]}]},{\"@type\":\"ImageObject\",\"inLanguage\":\"pt-BR\",\"@id\":\"https:\\\/\\\/marcelabonturi.com\\\/pt\\\/livros\\\/#primaryimage\",\"url\":\"https:\\\/\\\/marcelabonturi.com\\\/pt\\\/wp-content\\\/uploads\\\/2025\\\/08\\\/autoestima-1.png\",\"contentUrl\":\"https:\\\/\\\/marcelabonturi.com\\\/pt\\\/wp-content\\\/uploads\\\/2025\\\/08\\\/autoestima-1.png\",\"width\":236,\"height\":368},{\"@type\":\"BreadcrumbList\",\"@id\":\"https:\\\/\\\/marcelabonturi.com\\\/pt\\\/livros\\\/#breadcrumb\",\"itemListElement\":[{\"@type\":\"ListItem\",\"position\":1,\"name\":\"In\u00edcio\",\"item\":\"https:\\\/\\\/marcelabonturi.com\\\/pt\\\/\"},{\"@type\":\"ListItem\",\"position\":2,\"name\":\"Livros\"}]},{\"@type\":\"WebSite\",\"@id\":\"https:\\\/\\\/marcelabonturi.com\\\/pt\\\/#website\",\"url\":\"https:\\\/\\\/marcelabonturi.com\\\/pt\\\/\",\"name\":\"Marcela Bonturi Psic\u00f3loga Cl\u00ednica em Dublin\",\"description\":\"\",\"publisher\":{\"@id\":\"https:\\\/\\\/marcelabonturi.com\\\/pt\\\/#organization\"},\"potentialAction\":[{\"@type\":\"SearchAction\",\"target\":{\"@type\":\"EntryPoint\",\"urlTemplate\":\"https:\\\/\\\/marcelabonturi.com\\\/pt\\\/?s={search_term_string}\"},\"query-input\":{\"@type\":\"PropertyValueSpecification\",\"valueRequired\":true,\"valueName\":\"search_term_string\"}}],\"inLanguage\":\"pt-BR\"},{\"@type\":\"Organization\",\"@id\":\"https:\\\/\\\/marcelabonturi.com\\\/pt\\\/#organization\",\"name\":\"Marcela Bonturi Psicoterapeuta\",\"url\":\"https:\\\/\\\/marcelabonturi.com\\\/pt\\\/\",\"logo\":{\"@type\":\"ImageObject\",\"inLanguage\":\"pt-BR\",\"@id\":\"https:\\\/\\\/marcelabonturi.com\\\/pt\\\/#\\\/schema\\\/logo\\\/image\\\/\",\"url\":\"https:\\\/\\\/marcelabonturi.com\\\/pt\\\/wp-content\\\/uploads\\\/2021\\\/01\\\/marcela-bonturi_share.jpg\",\"contentUrl\":\"https:\\\/\\\/marcelabonturi.com\\\/pt\\\/wp-content\\\/uploads\\\/2021\\\/01\\\/marcela-bonturi_share.jpg\",\"width\":1200,\"height\":630,\"caption\":\"Marcela Bonturi Psicoterapeuta\"},\"image\":{\"@id\":\"https:\\\/\\\/marcelabonturi.com\\\/pt\\\/#\\\/schema\\\/logo\\\/image\\\/\"},\"sameAs\":[\"https:\\\/\\\/www.facebook.com\\\/marcela.bonturi7\",\"https:\\\/\\\/www.instagram.com\\\/marcela.bonturi\\\/\",\"https:\\\/\\\/www.linkedin.com\\\/in\\\/marcela-bonturi-6425ab8b\\\/\",\"https:\\\/\\\/www.youtube.com\\\/channel\\\/UCQby32_mE_lWtuAMS6PQmow\\\/featured\"]}]}<\/script>\n<!-- \/ Yoast SEO plugin. -->","yoast_head_json":{"title":"Livros | Psicoterapeuta em Dublin Marcela Bonturi","description":"Marcela Bonturi, psicoterapeuta em Dublin e autora de livros sobre autoconhecimento. Terapias e obras que inspiram equil\u00edbrio emocional e bem-estar.","robots":{"index":"index","follow":"follow","max-snippet":"max-snippet:-1","max-image-preview":"max-image-preview:large","max-video-preview":"max-video-preview:-1"},"canonical":"https:\/\/marcelabonturi.com\/pt\/livros\/","og_locale":"pt_BR","og_type":"article","og_title":"Livros | Psicoterapeuta em Dublin Marcela Bonturi","og_description":"Marcela Bonturi, psicoterapeuta em Dublin e autora de livros sobre autoconhecimento. Terapias e obras que inspiram equil\u00edbrio emocional e bem-estar.","og_url":"https:\/\/marcelabonturi.com\/pt\/livros\/","og_site_name":"Psicoterapeuta em Dublin Marcela Bonturi","article_publisher":"https:\/\/www.facebook.com\/marcela.bonturi7","article_modified_time":"2025-09-23T14:22:30+00:00","og_image":[{"url":"https:\/\/marcelabonturi.com\/pt\/wp-content\/uploads\/2025\/08\/autoestima-1.png","type":"","width":"","height":""}],"twitter_card":"summary_large_image","twitter_misc":{"Est. tempo de leitura":"2 minutos"},"schema":{"@context":"https:\/\/schema.org","@graph":[{"@type":"WebPage","@id":"https:\/\/marcelabonturi.com\/pt\/livros\/","url":"https:\/\/marcelabonturi.com\/pt\/livros\/","name":"Livros | Psicoterapeuta em Dublin Marcela Bonturi","isPartOf":{"@id":"https:\/\/marcelabonturi.com\/pt\/#website"},"primaryImageOfPage":{"@id":"https:\/\/marcelabonturi.com\/pt\/livros\/#primaryimage"},"image":{"@id":"https:\/\/marcelabonturi.com\/pt\/livros\/#primaryimage"},"thumbnailUrl":"https:\/\/marcelabonturi.com\/pt\/wp-content\/uploads\/2025\/08\/autoestima-1.png","datePublished":"2025-08-25T14:36:56+00:00","dateModified":"2025-09-23T14:22:30+00:00","description":"Marcela Bonturi, psicoterapeuta em Dublin e autora de livros sobre autoconhecimento. Terapias e obras que inspiram equil\u00edbrio emocional e bem-estar.","breadcrumb":{"@id":"https:\/\/marcelabonturi.com\/pt\/livros\/#breadcrumb"},"inLanguage":"pt-BR","potentialAction":[{"@type":"ReadAction","target":["https:\/\/marcelabonturi.com\/pt\/livros\/"]}]},{"@type":"ImageObject","inLanguage":"pt-BR","@id":"https:\/\/marcelabonturi.com\/pt\/livros\/#primaryimage","url":"https:\/\/marcelabonturi.com\/pt\/wp-content\/uploads\/2025\/08\/autoestima-1.png","contentUrl":"https:\/\/marcelabonturi.com\/pt\/wp-content\/uploads\/2025\/08\/autoestima-1.png","width":236,"height":368},{"@type":"BreadcrumbList","@id":"https:\/\/marcelabonturi.com\/pt\/livros\/#breadcrumb","itemListElement":[{"@type":"ListItem","position":1,"name":"In\u00edcio","item":"https:\/\/marcelabonturi.com\/pt\/"},{"@type":"ListItem","position":2,"name":"Livros"}]},{"@type":"WebSite","@id":"https:\/\/marcelabonturi.com\/pt\/#website","url":"https:\/\/marcelabonturi.com\/pt\/","name":"Marcela Bonturi Psic\u00f3loga Cl\u00ednica em Dublin","description":"","publisher":{"@id":"https:\/\/marcelabonturi.com\/pt\/#organization"},"potentialAction":[{"@type":"SearchAction","target":{"@type":"EntryPoint","urlTemplate":"https:\/\/marcelabonturi.com\/pt\/?s={search_term_string}"},"query-input":{"@type":"PropertyValueSpecification","valueRequired":true,"valueName":"search_term_string"}}],"inLanguage":"pt-BR"},{"@type":"Organization","@id":"https:\/\/marcelabonturi.com\/pt\/#organization","name":"Marcela Bonturi Psicoterapeuta","url":"https:\/\/marcelabonturi.com\/pt\/","logo":{"@type":"ImageObject","inLanguage":"pt-BR","@id":"https:\/\/marcelabonturi.com\/pt\/#\/schema\/logo\/image\/","url":"https:\/\/marcelabonturi.com\/pt\/wp-content\/uploads\/2021\/01\/marcela-bonturi_share.jpg","contentUrl":"https:\/\/marcelabonturi.com\/pt\/wp-content\/uploads\/2021\/01\/marcela-bonturi_share.jpg","width":1200,"height":630,"caption":"Marcela Bonturi Psicoterapeuta"},"image":{"@id":"https:\/\/marcelabonturi.com\/pt\/#\/schema\/logo\/image\/"},"sameAs":["https:\/\/www.facebook.com\/marcela.bonturi7","https:\/\/www.instagram.com\/marcela.bonturi\/","https:\/\/www.linkedin.com\/in\/marcela-bonturi-6425ab8b\/","https:\/\/www.youtube.com\/channel\/UCQby32_mE_lWtuAMS6PQmow\/featured"]}]}},"_links":{"self":[{"href":"https:\/\/marcelabonturi.com\/pt\/wp-json\/wp\/v2\/pages\/404","targetHints":{"allow":["GET"]}}],"collection":[{"href":"https:\/\/marcelabonturi.com\/pt\/wp-json\/wp\/v2\/pages"}],"about":[{"href":"https:\/\/marcelabonturi.com\/pt\/wp-json\/wp\/v2\/types\/page"}],"author":[{"embeddable":true,"href":"https:\/\/marcelabonturi.com\/pt\/wp-json\/wp\/v2\/users\/2"}],"replies":[{"embeddable":true,"href":"https:\/\/marcelabonturi.com\/pt\/wp-json\/wp\/v2\/comments?post=404"}],"version-history":[{"count":31,"href":"https:\/\/marcelabonturi.com\/pt\/wp-json\/wp\/v2\/pages\/404\/revisions"}],"predecessor-version":[{"id":579,"href":"https:\/\/marcelabonturi.com\/pt\/wp-json\/wp\/v2\/pages\/404\/revisions\/579"}],"wp:attachment":[{"href":"https:\/\/marcelabonturi.com\/pt\/wp-json\/wp\/v2\/media?parent=404"}],"curies":[{"name":"wp","href":"https:\/\/api.w.org\/{rel}","templated":true}]}}