{"id":505,"date":"2025-09-11T15:25:29","date_gmt":"2025-09-11T14:25:29","guid":{"rendered":"https:\/\/marcelabonturi.com\/pt\/?page_id=505"},"modified":"2025-09-23T15:18:40","modified_gmt":"2025-09-23T14:18:40","slug":"terapia-cognitivo-comportamental","status":"publish","type":"page","link":"https:\/\/marcelabonturi.com\/pt\/terapia-cognitivo-comportamental\/","title":{"rendered":"Terapia Cognitivo-Comportamental"},"content":{"rendered":"\t\t<div data-elementor-type=\"wp-page\" data-elementor-id=\"505\" class=\"elementor elementor-505\" data-elementor-post-type=\"page\">\n\t\t\t\t<div class=\"elementor-element elementor-element-9980581 e-flex e-con-boxed e-con e-parent\" data-id=\"9980581\" data-element_type=\"container\" data-settings=\"{&quot;background_background&quot;:&quot;classic&quot;}\">\n\t\t\t\t\t<div class=\"e-con-inner\">\n\t\t\t\t\t<\/div>\n\t\t\t\t<\/div>\n\t\t<div class=\"elementor-element elementor-element-d37602e e-flex e-con-boxed e-con e-parent\" data-id=\"d37602e\" data-element_type=\"container\" data-settings=\"{&quot;background_background&quot;:&quot;classic&quot;}\">\n\t\t\t\t\t<div class=\"e-con-inner\">\n\t\t\t\t<div class=\"elementor-element elementor-element-6283972 elementor-widget elementor-widget-heading\" data-id=\"6283972\" data-element_type=\"widget\" data-widget_type=\"heading.default\">\n\t\t\t\t\t<h2 class=\"elementor-heading-title elementor-size-default\">Terapia Cognitivo-Comportamental<\/h2>\t\t\t\t<\/div>\n\t\t\t\t<div class=\"elementor-element elementor-element-5466325 elementor-widget elementor-widget-text-editor\" data-id=\"5466325\" data-element_type=\"widget\" data-widget_type=\"text-editor.default\">\n\t\t\t\t\t\t\t\t\t<p data-start=\"123\" data-end=\"303\">A <strong data-start=\"125\" data-end=\"167\">Terapia Cognitivo-Comportamental (TCC)<\/strong> \u00e9 uma excelente abordagem para trabalhar com transtornos de p\u00e2nico, ansiedade, fobias, compuls\u00f5es, entre outros tipos de transtornos.<\/p><p data-start=\"305\" data-end=\"529\">O terapeuta tem o dever \u00e9tico e moral de auxiliar seus pacientes com escuta terap\u00eautica, ajudando-os a identificar seus potenciais, ensinando-os a aceitar suas limita\u00e7\u00f5es e, assim, promovendo melhorias na vida do paciente.<\/p><p data-start=\"531\" data-end=\"831\">A TCC \u00e9 uma interven\u00e7\u00e3o psicossocial que tem como objetivo melhorar a sa\u00fade mental. Ela foca em desafiar e modificar distor\u00e7\u00f5es cognitivas e comportamentos disfuncionais, melhorar a regula\u00e7\u00e3o emocional e desenvolver estrat\u00e9gias pessoais de enfrentamento voltadas para a solu\u00e7\u00e3o de problemas atuais.<\/p><p data-start=\"833\" data-end=\"1195\">Originalmente, a TCC foi desenvolvida para o tratamento da depress\u00e3o, mas seu uso foi expandido para o tratamento de diversas outras condi\u00e7\u00f5es de sa\u00fade mental, incluindo a ansiedade. A TCC abrange diferentes psicoterapias cognitivas e comportamentais que tratam psicopatologias espec\u00edficas por meio de t\u00e9cnicas e estrat\u00e9gias baseadas em evid\u00eancias cient\u00edficas.<\/p><p data-start=\"1197\" data-end=\"1556\">A TCC \u00e9 uma forma de terapia <strong data-start=\"1226\" data-end=\"1251\">\u201cfocada em problemas\u201d<\/strong> e <strong data-start=\"1254\" data-end=\"1281\">\u201corientada para a a\u00e7\u00e3o\u201d<\/strong>, o que significa que \u00e9 utilizada para tratar problemas espec\u00edficos relacionados a um transtorno mental diagnosticado. O papel do terapeuta \u00e9 ajudar o paciente a encontrar e praticar estrat\u00e9gias eficazes para atingir objetivos definidos e reduzir os sintomas do transtorno.<\/p><p data-start=\"1558\" data-end=\"1899\">A TCC baseia-se na cren\u00e7a de que distor\u00e7\u00f5es de pensamento e comportamentos desadaptativos desempenham um papel no desenvolvimento e manuten\u00e7\u00e3o de transtornos psicol\u00f3gicos e que os sintomas e o sofrimento associado podem ser reduzidos por meio do ensino de novas habilidades de processamento de informa\u00e7\u00f5es e de mecanismos de enfrentamento.<\/p><p data-start=\"1901\" data-end=\"2314\">A Terapia Cognitivo-Comportamental \u00e9 <strong data-start=\"1938\" data-end=\"1969\">breve e de dura\u00e7\u00e3o limitada<\/strong>. Ao longo das sess\u00f5es individuais, voc\u00ea aprender\u00e1 a se tornar seu pr\u00f3prio terapeuta. Receber\u00e1 ferramentas que o ajudar\u00e3o a se tornar mais aut\u00f4nomo, a assumir o controle da sua vida, a compreender por que voc\u00ea, e apenas voc\u00ea, se colocou nesta posi\u00e7\u00e3o neste momento da sua vida, e a aceitar que cada um \u00e9 respons\u00e1vel pelo pr\u00f3prio comportamento.<\/p>\t\t\t\t\t\t\t\t<\/div>\n\t\t\t\t\t<\/div>\n\t\t\t\t<\/div>\n\t\t<div class=\"elementor-element elementor-element-109ca6d e-flex e-con-boxed e-con e-parent\" data-id=\"109ca6d\" data-element_type=\"container\" data-settings=\"{&quot;background_background&quot;:&quot;classic&quot;}\">\n\t\t\t\t\t<div class=\"e-con-inner\">\n\t\t\t\t<div class=\"elementor-element elementor-element-9486184 elementor-widget elementor-widget-heading\" data-id=\"9486184\" data-element_type=\"widget\" data-widget_type=\"heading.default\">\n\t\t\t\t\t<h2 class=\"elementor-heading-title elementor-size-default\">O que est\u00e1 envolvido?<\/h2>\t\t\t\t<\/div>\n\t\t\t\t<div class=\"elementor-element elementor-element-a8d1305 elementor-widget elementor-widget-text-editor\" data-id=\"a8d1305\" data-element_type=\"widget\" data-widget_type=\"text-editor.default\">\n\t\t\t\t\t\t\t\t\t<p data-start=\"2316\" data-end=\"2684\">Na TCC, paciente e terapeuta exploram como os pensamentos, emo\u00e7\u00f5es e comportamentos est\u00e3o interligados e como afetam uns aos outros. Com a assist\u00eancia, apoio e orienta\u00e7\u00e3o do terapeuta, o paciente aprender\u00e1 a intervir em diferentes pontos desse ciclo, mudando padr\u00f5es de pensamento e comportamentos que t\u00eam sido problem\u00e1ticos. Isso inclui:<\/p>\t\t\t\t\t\t\t\t<\/div>\n\t\t\t\t<div class=\"elementor-element elementor-element-1fd0593 elementor-icon-list--layout-traditional elementor-list-item-link-full_width elementor-widget elementor-widget-icon-list\" data-id=\"1fd0593\" data-element_type=\"widget\" data-widget_type=\"icon-list.default\">\n\t\t\t\t\t\t\t<ul class=\"elementor-icon-list-items\">\n\t\t\t\t\t\t\t<li class=\"elementor-icon-list-item\">\n\t\t\t\t\t\t\t\t\t\t\t<span class=\"elementor-icon-list-icon\">\n\t\t\t\t\t\t\t<svg aria-hidden=\"true\" class=\"e-font-icon-svg e-fas-circle\" viewBox=\"0 0 512 512\" xmlns=\"http:\/\/www.w3.org\/2000\/svg\"><path d=\"M256 8C119 8 8 119 8 256s111 248 248 248 248-111 248-248S393 8 256 8z\"><\/path><\/svg>\t\t\t\t\t\t<\/span>\n\t\t\t\t\t\t\t\t\t\t<span class=\"elementor-icon-list-text\">Paciente e terapeuta desenvolvem objetivos em conjunto e acompanham o progresso ao longo do tratamento.<\/span>\n\t\t\t\t\t\t\t\t\t<\/li>\n\t\t\t\t\t\t\t\t<li class=\"elementor-icon-list-item\">\n\t\t\t\t\t\t\t\t\t\t\t<span class=\"elementor-icon-list-icon\">\n\t\t\t\t\t\t\t<svg aria-hidden=\"true\" class=\"e-font-icon-svg e-fas-circle\" viewBox=\"0 0 512 512\" xmlns=\"http:\/\/www.w3.org\/2000\/svg\"><path d=\"M256 8C119 8 8 119 8 256s111 248 248 248 248-111 248-248S393 8 256 8z\"><\/path><\/svg>\t\t\t\t\t\t<\/span>\n\t\t\t\t\t\t\t\t\t\t<span class=\"elementor-icon-list-text\">Trabalhando juntos, o terapeuta oferece a expertise t\u00e9cnica e o paciente torna-se o especialista em si mesmo.<\/span>\n\t\t\t\t\t\t\t\t\t<\/li>\n\t\t\t\t\t\t\t\t<li class=\"elementor-icon-list-item\">\n\t\t\t\t\t\t\t\t\t\t\t<span class=\"elementor-icon-list-icon\">\n\t\t\t\t\t\t\t<svg aria-hidden=\"true\" class=\"e-font-icon-svg e-fas-circle\" viewBox=\"0 0 512 512\" xmlns=\"http:\/\/www.w3.org\/2000\/svg\"><path d=\"M256 8C119 8 8 119 8 256s111 248 248 248 248-111 248-248S393 8 256 8z\"><\/path><\/svg>\t\t\t\t\t\t<\/span>\n\t\t\t\t\t\t\t\t\t\t<span class=\"elementor-icon-list-text\">O terapeuta busca ajudar o paciente a descobrir que ele ou ela \u00e9 capaz de mudar pensamentos e comportamentos negativos espec\u00edficos.<\/span>\n\t\t\t\t\t\t\t\t\t<\/li>\n\t\t\t\t\t\t\t\t<li class=\"elementor-icon-list-item\">\n\t\t\t\t\t\t\t\t\t\t\t<span class=\"elementor-icon-list-icon\">\n\t\t\t\t\t\t\t<svg aria-hidden=\"true\" class=\"e-font-icon-svg e-fas-circle\" viewBox=\"0 0 512 512\" xmlns=\"http:\/\/www.w3.org\/2000\/svg\"><path d=\"M256 8C119 8 8 119 8 256s111 248 248 248 248-111 248-248S393 8 256 8z\"><\/path><\/svg>\t\t\t\t\t\t<\/span>\n\t\t\t\t\t\t\t\t\t\t<span class=\"elementor-icon-list-text\">As habilidades aprendidas na terapia precisam de pr\u00e1tica e experi\u00eancia na vida real, e as tarefas de casa fazem parte do processo de aprendizado.<\/span>\n\t\t\t\t\t\t\t\t\t<\/li>\n\t\t\t\t\t\t\t\t<li class=\"elementor-icon-list-item\">\n\t\t\t\t\t\t\t\t\t\t\t<span class=\"elementor-icon-list-icon\">\n\t\t\t\t\t\t\t<svg aria-hidden=\"true\" class=\"e-font-icon-svg e-fas-circle\" viewBox=\"0 0 512 512\" xmlns=\"http:\/\/www.w3.org\/2000\/svg\"><path d=\"M256 8C119 8 8 119 8 256s111 248 248 248 248-111 248-248S393 8 256 8z\"><\/path><\/svg>\t\t\t\t\t\t<\/span>\n\t\t\t\t\t\t\t\t\t\t<span class=\"elementor-icon-list-text\">A TCC ajudar\u00e1 voc\u00ea a focar nos problemas do presente.<\/span>\n\t\t\t\t\t\t\t\t\t<\/li>\n\t\t\t\t\t\t<\/ul>\n\t\t\t\t\t\t<\/div>\n\t\t\t\t\t<\/div>\n\t\t\t\t<\/div>\n\t\t\t\t<\/div>\n\t\t","protected":false},"excerpt":{"rendered":"<p>Terapia Cognitivo-Comportamental A Terapia Cognitivo-Comportamental (TCC) \u00e9 uma excelente abordagem para trabalhar com transtornos de p\u00e2nico, ansiedade, fobias, compuls\u00f5es, entre outros tipos de transtornos. O terapeuta tem o dever \u00e9tico e moral de auxiliar seus pacientes com escuta terap\u00eautica, ajudando-os a identificar seus potenciais, ensinando-os a aceitar suas limita\u00e7\u00f5es e, assim, promovendo melhorias na vida [&hellip;]<\/p>\n","protected":false},"author":2,"featured_media":0,"parent":0,"menu_order":0,"comment_status":"closed","ping_status":"closed","template":"","meta":{"footnotes":""},"class_list":["post-505","page","type-page","status-publish","hentry"],"yoast_head":"<!-- This site is optimized with the Yoast SEO plugin v27.4 - https:\/\/yoast.com\/product\/yoast-seo-wordpress\/ -->\n<title>Terapia Cognitiva Comportamental | Psicoterapeuta Marcela Bonturi<\/title>\n<meta name=\"description\" content=\"A Terapia Cognitiva Comportamental \u00e9 uma excelente abordagem para trabalhar traumas, transtornos de p\u00e2nico, ansiedade, fobias, entre outros.\" \/>\n<meta name=\"robots\" content=\"index, follow, max-snippet:-1, max-image-preview:large, max-video-preview:-1\" \/>\n<link rel=\"canonical\" href=\"https:\/\/marcelabonturi.com\/pt\/terapia-cognitivo-comportamental\/\" \/>\n<meta property=\"og:locale\" content=\"pt_BR\" \/>\n<meta property=\"og:type\" content=\"article\" \/>\n<meta property=\"og:title\" content=\"Terapia Cognitiva Comportamental | Psicoterapeuta Marcela Bonturi\" \/>\n<meta property=\"og:description\" content=\"A Terapia Cognitiva Comportamental \u00e9 uma excelente abordagem para trabalhar traumas, transtornos de p\u00e2nico, ansiedade, fobias, entre outros.\" \/>\n<meta property=\"og:url\" content=\"https:\/\/marcelabonturi.com\/pt\/terapia-cognitivo-comportamental\/\" \/>\n<meta property=\"og:site_name\" content=\"Psicoterapeuta em Dublin Marcela Bonturi\" \/>\n<meta property=\"article:publisher\" content=\"https:\/\/www.facebook.com\/marcela.bonturi7\" \/>\n<meta property=\"article:modified_time\" content=\"2025-09-23T14:18:40+00:00\" \/>\n<meta property=\"og:image\" content=\"https:\/\/marcelabonturi.com\/pt\/wp-content\/uploads\/2021\/01\/marcela-bonturi_share.jpg\" \/>\n\t<meta property=\"og:image:width\" content=\"1200\" \/>\n\t<meta property=\"og:image:height\" content=\"630\" \/>\n\t<meta property=\"og:image:type\" content=\"image\/jpeg\" \/>\n<meta name=\"twitter:card\" content=\"summary_large_image\" \/>\n<meta name=\"twitter:label1\" content=\"Est. tempo de leitura\" \/>\n\t<meta name=\"twitter:data1\" content=\"3 minutos\" \/>\n<script type=\"application\/ld+json\" class=\"yoast-schema-graph\">{\"@context\":\"https:\\\/\\\/schema.org\",\"@graph\":[{\"@type\":\"WebPage\",\"@id\":\"https:\\\/\\\/marcelabonturi.com\\\/pt\\\/terapia-cognitivo-comportamental\\\/\",\"url\":\"https:\\\/\\\/marcelabonturi.com\\\/pt\\\/terapia-cognitivo-comportamental\\\/\",\"name\":\"Terapia Cognitiva Comportamental | Psicoterapeuta Marcela Bonturi\",\"isPartOf\":{\"@id\":\"https:\\\/\\\/marcelabonturi.com\\\/pt\\\/#website\"},\"datePublished\":\"2025-09-11T14:25:29+00:00\",\"dateModified\":\"2025-09-23T14:18:40+00:00\",\"description\":\"A Terapia Cognitiva Comportamental \u00e9 uma excelente abordagem para trabalhar traumas, transtornos de p\u00e2nico, ansiedade, fobias, entre outros.\",\"breadcrumb\":{\"@id\":\"https:\\\/\\\/marcelabonturi.com\\\/pt\\\/terapia-cognitivo-comportamental\\\/#breadcrumb\"},\"inLanguage\":\"pt-BR\",\"potentialAction\":[{\"@type\":\"ReadAction\",\"target\":[\"https:\\\/\\\/marcelabonturi.com\\\/pt\\\/terapia-cognitivo-comportamental\\\/\"]}]},{\"@type\":\"BreadcrumbList\",\"@id\":\"https:\\\/\\\/marcelabonturi.com\\\/pt\\\/terapia-cognitivo-comportamental\\\/#breadcrumb\",\"itemListElement\":[{\"@type\":\"ListItem\",\"position\":1,\"name\":\"In\u00edcio\",\"item\":\"https:\\\/\\\/marcelabonturi.com\\\/pt\\\/\"},{\"@type\":\"ListItem\",\"position\":2,\"name\":\"Terapia Cognitivo-Comportamental\"}]},{\"@type\":\"WebSite\",\"@id\":\"https:\\\/\\\/marcelabonturi.com\\\/pt\\\/#website\",\"url\":\"https:\\\/\\\/marcelabonturi.com\\\/pt\\\/\",\"name\":\"Marcela Bonturi Psic\u00f3loga Cl\u00ednica em Dublin\",\"description\":\"\",\"publisher\":{\"@id\":\"https:\\\/\\\/marcelabonturi.com\\\/pt\\\/#organization\"},\"potentialAction\":[{\"@type\":\"SearchAction\",\"target\":{\"@type\":\"EntryPoint\",\"urlTemplate\":\"https:\\\/\\\/marcelabonturi.com\\\/pt\\\/?s={search_term_string}\"},\"query-input\":{\"@type\":\"PropertyValueSpecification\",\"valueRequired\":true,\"valueName\":\"search_term_string\"}}],\"inLanguage\":\"pt-BR\"},{\"@type\":\"Organization\",\"@id\":\"https:\\\/\\\/marcelabonturi.com\\\/pt\\\/#organization\",\"name\":\"Marcela Bonturi Psicoterapeuta\",\"url\":\"https:\\\/\\\/marcelabonturi.com\\\/pt\\\/\",\"logo\":{\"@type\":\"ImageObject\",\"inLanguage\":\"pt-BR\",\"@id\":\"https:\\\/\\\/marcelabonturi.com\\\/pt\\\/#\\\/schema\\\/logo\\\/image\\\/\",\"url\":\"https:\\\/\\\/marcelabonturi.com\\\/pt\\\/wp-content\\\/uploads\\\/2021\\\/01\\\/marcela-bonturi_share.jpg\",\"contentUrl\":\"https:\\\/\\\/marcelabonturi.com\\\/pt\\\/wp-content\\\/uploads\\\/2021\\\/01\\\/marcela-bonturi_share.jpg\",\"width\":1200,\"height\":630,\"caption\":\"Marcela Bonturi Psicoterapeuta\"},\"image\":{\"@id\":\"https:\\\/\\\/marcelabonturi.com\\\/pt\\\/#\\\/schema\\\/logo\\\/image\\\/\"},\"sameAs\":[\"https:\\\/\\\/www.facebook.com\\\/marcela.bonturi7\",\"https:\\\/\\\/www.instagram.com\\\/marcela.bonturi\\\/\",\"https:\\\/\\\/www.linkedin.com\\\/in\\\/marcela-bonturi-6425ab8b\\\/\",\"https:\\\/\\\/www.youtube.com\\\/channel\\\/UCQby32_mE_lWtuAMS6PQmow\\\/featured\"]}]}<\/script>\n<!-- \/ Yoast SEO plugin. -->","yoast_head_json":{"title":"Terapia Cognitiva Comportamental | Psicoterapeuta Marcela Bonturi","description":"A Terapia Cognitiva Comportamental \u00e9 uma excelente abordagem para trabalhar traumas, transtornos de p\u00e2nico, ansiedade, fobias, entre outros.","robots":{"index":"index","follow":"follow","max-snippet":"max-snippet:-1","max-image-preview":"max-image-preview:large","max-video-preview":"max-video-preview:-1"},"canonical":"https:\/\/marcelabonturi.com\/pt\/terapia-cognitivo-comportamental\/","og_locale":"pt_BR","og_type":"article","og_title":"Terapia Cognitiva Comportamental | Psicoterapeuta Marcela Bonturi","og_description":"A Terapia Cognitiva Comportamental \u00e9 uma excelente abordagem para trabalhar traumas, transtornos de p\u00e2nico, ansiedade, fobias, entre outros.","og_url":"https:\/\/marcelabonturi.com\/pt\/terapia-cognitivo-comportamental\/","og_site_name":"Psicoterapeuta em Dublin Marcela Bonturi","article_publisher":"https:\/\/www.facebook.com\/marcela.bonturi7","article_modified_time":"2025-09-23T14:18:40+00:00","og_image":[{"width":1200,"height":630,"url":"https:\/\/marcelabonturi.com\/pt\/wp-content\/uploads\/2021\/01\/marcela-bonturi_share.jpg","type":"image\/jpeg"}],"twitter_card":"summary_large_image","twitter_misc":{"Est. tempo de leitura":"3 minutos"},"schema":{"@context":"https:\/\/schema.org","@graph":[{"@type":"WebPage","@id":"https:\/\/marcelabonturi.com\/pt\/terapia-cognitivo-comportamental\/","url":"https:\/\/marcelabonturi.com\/pt\/terapia-cognitivo-comportamental\/","name":"Terapia Cognitiva Comportamental | Psicoterapeuta Marcela Bonturi","isPartOf":{"@id":"https:\/\/marcelabonturi.com\/pt\/#website"},"datePublished":"2025-09-11T14:25:29+00:00","dateModified":"2025-09-23T14:18:40+00:00","description":"A Terapia Cognitiva Comportamental \u00e9 uma excelente abordagem para trabalhar traumas, transtornos de p\u00e2nico, ansiedade, fobias, entre outros.","breadcrumb":{"@id":"https:\/\/marcelabonturi.com\/pt\/terapia-cognitivo-comportamental\/#breadcrumb"},"inLanguage":"pt-BR","potentialAction":[{"@type":"ReadAction","target":["https:\/\/marcelabonturi.com\/pt\/terapia-cognitivo-comportamental\/"]}]},{"@type":"BreadcrumbList","@id":"https:\/\/marcelabonturi.com\/pt\/terapia-cognitivo-comportamental\/#breadcrumb","itemListElement":[{"@type":"ListItem","position":1,"name":"In\u00edcio","item":"https:\/\/marcelabonturi.com\/pt\/"},{"@type":"ListItem","position":2,"name":"Terapia Cognitivo-Comportamental"}]},{"@type":"WebSite","@id":"https:\/\/marcelabonturi.com\/pt\/#website","url":"https:\/\/marcelabonturi.com\/pt\/","name":"Marcela Bonturi Psic\u00f3loga Cl\u00ednica em Dublin","description":"","publisher":{"@id":"https:\/\/marcelabonturi.com\/pt\/#organization"},"potentialAction":[{"@type":"SearchAction","target":{"@type":"EntryPoint","urlTemplate":"https:\/\/marcelabonturi.com\/pt\/?s={search_term_string}"},"query-input":{"@type":"PropertyValueSpecification","valueRequired":true,"valueName":"search_term_string"}}],"inLanguage":"pt-BR"},{"@type":"Organization","@id":"https:\/\/marcelabonturi.com\/pt\/#organization","name":"Marcela Bonturi Psicoterapeuta","url":"https:\/\/marcelabonturi.com\/pt\/","logo":{"@type":"ImageObject","inLanguage":"pt-BR","@id":"https:\/\/marcelabonturi.com\/pt\/#\/schema\/logo\/image\/","url":"https:\/\/marcelabonturi.com\/pt\/wp-content\/uploads\/2021\/01\/marcela-bonturi_share.jpg","contentUrl":"https:\/\/marcelabonturi.com\/pt\/wp-content\/uploads\/2021\/01\/marcela-bonturi_share.jpg","width":1200,"height":630,"caption":"Marcela Bonturi Psicoterapeuta"},"image":{"@id":"https:\/\/marcelabonturi.com\/pt\/#\/schema\/logo\/image\/"},"sameAs":["https:\/\/www.facebook.com\/marcela.bonturi7","https:\/\/www.instagram.com\/marcela.bonturi\/","https:\/\/www.linkedin.com\/in\/marcela-bonturi-6425ab8b\/","https:\/\/www.youtube.com\/channel\/UCQby32_mE_lWtuAMS6PQmow\/featured"]}]}},"_links":{"self":[{"href":"https:\/\/marcelabonturi.com\/pt\/wp-json\/wp\/v2\/pages\/505","targetHints":{"allow":["GET"]}}],"collection":[{"href":"https:\/\/marcelabonturi.com\/pt\/wp-json\/wp\/v2\/pages"}],"about":[{"href":"https:\/\/marcelabonturi.com\/pt\/wp-json\/wp\/v2\/types\/page"}],"author":[{"embeddable":true,"href":"https:\/\/marcelabonturi.com\/pt\/wp-json\/wp\/v2\/users\/2"}],"replies":[{"embeddable":true,"href":"https:\/\/marcelabonturi.com\/pt\/wp-json\/wp\/v2\/comments?post=505"}],"version-history":[{"count":7,"href":"https:\/\/marcelabonturi.com\/pt\/wp-json\/wp\/v2\/pages\/505\/revisions"}],"predecessor-version":[{"id":533,"href":"https:\/\/marcelabonturi.com\/pt\/wp-json\/wp\/v2\/pages\/505\/revisions\/533"}],"wp:attachment":[{"href":"https:\/\/marcelabonturi.com\/pt\/wp-json\/wp\/v2\/media?parent=505"}],"curies":[{"name":"wp","href":"https:\/\/api.w.org\/{rel}","templated":true}]}}