{"id":544,"date":"2025-09-11T18:05:24","date_gmt":"2025-09-11T17:05:24","guid":{"rendered":"https:\/\/marcelabonturi.com\/pt\/?page_id=544"},"modified":"2025-09-23T15:21:10","modified_gmt":"2025-09-23T14:21:10","slug":"marcela-bonturi","status":"publish","type":"page","link":"https:\/\/marcelabonturi.com\/pt\/marcela-bonturi\/","title":{"rendered":"Marcela Bonturi"},"content":{"rendered":"\t\t<div data-elementor-type=\"wp-page\" data-elementor-id=\"544\" class=\"elementor elementor-544\" data-elementor-post-type=\"page\">\n\t\t\t\t<div class=\"elementor-element elementor-element-7118066 e-flex e-con-boxed e-con e-parent\" data-id=\"7118066\" data-element_type=\"container\">\n\t\t\t\t\t<div class=\"e-con-inner\">\n\t\t<div class=\"elementor-element elementor-element-9c1bf02 e-con-full e-flex e-con e-child\" data-id=\"9c1bf02\" data-element_type=\"container\">\n\t\t\t\t<div class=\"elementor-element elementor-element-932dc94 elementor-widget elementor-widget-heading\" data-id=\"932dc94\" data-element_type=\"widget\" data-widget_type=\"heading.default\">\n\t\t\t\t\t<h2 class=\"elementor-heading-title elementor-size-default\">Quem \u00e9 Marcela Bonturi?<\/h2>\t\t\t\t<\/div>\n\t\t\t\t<div class=\"elementor-element elementor-element-2aa94d2 elementor-widget elementor-widget-text-editor\" data-id=\"2aa94d2\" data-element_type=\"widget\" data-widget_type=\"text-editor.default\">\n\t\t\t\t\t\t\t\t\t<p data-start=\"123\" data-end=\"356\">Meu nome \u00e9 Marcela Bonturi. Sou formada em Psicoterapia pela Universidade FMU, em S\u00e3o Paulo \u2013 Brasil. Em 2010, mudei-me para a Irlanda e tornei-me membro da <em data-start=\"280\" data-end=\"314\">Psychological Society of Ireland<\/em>. Atualmente, vivo e trabalho em Dublin.<\/p><p data-start=\"358\" data-end=\"540\"><strong data-start=\"358\" data-end=\"413\">Atua\u00e7\u00e3o com Terapia Cognitivo-Comportamental (TCC):<\/strong> uma excelente abordagem para tratar transtornos de p\u00e2nico, ansiedade, fobias, compuls\u00f5es, entre outros tipos de transtornos.<\/p><p data-start=\"542\" data-end=\"896\"><strong data-start=\"542\" data-end=\"582\">Uma pessoa apaixonada por psicologia<\/strong><br data-start=\"582\" data-end=\"585\" \/>Nascida e criada em S\u00e3o Paulo, sempre tive muito interesse em compreender as pessoas e suas mentes: como pensamos, o que nos leva a determinadas dire\u00e7\u00f5es e de onde v\u00eam as nossas emo\u00e7\u00f5es. Fiquei t\u00e3o interessada e apaixonada por esses conceitos que fui levada a aprender e estudar tudo o que pudesse nessa \u00e1rea.<\/p><p data-start=\"898\" data-end=\"1510\">Quando entrei na faculdade, fiquei fascinada pelo behaviorismo e pela forma como os pensamentos surgem na mente, criando emo\u00e7\u00f5es que levam a determinados comportamentos. Aproveitei ao m\u00e1ximo essa experi\u00eancia de aprendizado. Queria aprender cada vez mais sobre o comportamento humano e compreender melhor as minhas pr\u00f3prias emo\u00e7\u00f5es. Na adolesc\u00eancia, sofri bastante com a ansiedade, e apenas ap\u00f3s come\u00e7ar a faculdade passei a entender melhor esses conceitos. Como estudantes, tamb\u00e9m passamos pelo processo terap\u00eautico para compreender a nossa pr\u00f3pria mente e crescer tanto como pessoas quanto como profissionais.<\/p><p data-start=\"1512\" data-end=\"1915\">Sou m\u00e3e de dois filhos, ambos nascidos e criados em Dublin. Falo portugu\u00eas com eles, pois acredito ser importante me comunicar com meus filhos na minha l\u00edngua materna. Gosto de dizer: \u201cSa\u00ed do Brasil, mas o Brasil vive em mim\u201d. Tenho orgulho de ser brasileira e me sinto privilegiada em poder oferecer servi\u00e7os \u00e0 minha comunidade no exterior. Como brasileira, consigo compreender suas dores e desafios.<\/p><p data-start=\"1917\" data-end=\"2240\">Quando cheguei \u00e0 Irlanda, n\u00e3o conhecia ningu\u00e9m, n\u00e3o falava ingl\u00eas e morava com pessoas de diferentes nacionalidades e origens. Lembro-me de como foi desafiador, mas hoje percebo como isso me ajudou a ser quem sou. O meu trabalho \u00e9 encorajar as pessoas a abra\u00e7arem as mudan\u00e7as e se tornarem uma vers\u00e3o melhor de si mesmas.<\/p><p data-start=\"2242\" data-end=\"2394\">Atualmente, atendo pessoas de diversas culturas, j\u00e1 que a Irlanda atrai pessoas do mundo inteiro pela sua beleza, cultura, seguran\u00e7a e estilo de vida.<\/p>\t\t\t\t\t\t\t\t<\/div>\n\t\t\t\t<\/div>\n\t\t<div class=\"elementor-element elementor-element-e27c7a1 e-con-full e-flex e-con e-child\" data-id=\"e27c7a1\" data-element_type=\"container\" data-settings=\"{&quot;sticky&quot;:&quot;top&quot;,&quot;sticky_parent&quot;:&quot;yes&quot;,&quot;sticky_on&quot;:[&quot;desktop&quot;,&quot;tablet&quot;,&quot;mobile&quot;],&quot;sticky_offset&quot;:0,&quot;sticky_effects_offset&quot;:0,&quot;sticky_anchor_link_offset&quot;:0}\">\n\t\t\t\t<div class=\"elementor-element elementor-element-de5e2bc elementor-widget elementor-widget-image\" data-id=\"de5e2bc\" data-element_type=\"widget\" data-widget_type=\"image.default\">\n\t\t\t\t\t\t\t\t\t\t\t\t\t\t\t<img fetchpriority=\"high\" decoding=\"async\" width=\"573\" height=\"686\" src=\"https:\/\/marcelabonturi.com\/pt\/wp-content\/uploads\/2025\/09\/marcela-03.png\" class=\"attachment-large size-large wp-image-482\" alt=\"\" srcset=\"https:\/\/marcelabonturi.com\/pt\/wp-content\/uploads\/2025\/09\/marcela-03.png 573w, https:\/\/marcelabonturi.com\/pt\/wp-content\/uploads\/2025\/09\/marcela-03-251x300.png 251w\" sizes=\"(max-width: 573px) 100vw, 573px\" \/>\t\t\t\t\t\t\t\t\t\t\t\t\t\t\t<\/div>\n\t\t\t\t<\/div>\n\t\t\t\t\t<\/div>\n\t\t\t\t<\/div>\n\t\t<div class=\"elementor-element elementor-element-ed7c90b e-flex e-con-boxed e-con e-parent\" data-id=\"ed7c90b\" data-element_type=\"container\" data-settings=\"{&quot;background_background&quot;:&quot;classic&quot;}\">\n\t\t\t\t\t<div class=\"e-con-inner\">\n\t\t\t\t<div class=\"elementor-element elementor-element-59054e3 elementor-widget elementor-widget-heading\" data-id=\"59054e3\" data-element_type=\"widget\" data-widget_type=\"heading.default\">\n\t\t\t\t\t<h2 class=\"elementor-heading-title elementor-size-default\">Mais sobre mim<\/h2>\t\t\t\t<\/div>\n\t\t\t\t<div class=\"elementor-element elementor-element-ce19d37 elementor-widget elementor-widget-text-editor\" data-id=\"ce19d37\" data-element_type=\"widget\" data-widget_type=\"text-editor.default\">\n\t\t\t\t\t\t\t\t\t<p data-start=\"2396\" data-end=\"2549\">Sou especialista em TCC e fascinada pela efici\u00eancia desse tratamento. Dependendo do diagn\u00f3stico, a dura\u00e7\u00e3o da terapia pode variar.<\/p><p data-start=\"2551\" data-end=\"2935\">Trabalho regularmente com pessoas em situa\u00e7\u00f5es de vulnerabilidade e compreendo que sempre h\u00e1 uma raz\u00e3o para algu\u00e9m buscar tratamento. Quando a pessoa n\u00e3o consegue se ajudar, muitas vezes sente-se isolada e deprimida, e com frequ\u00eancia enfrenta processos de luto de diferentes formas \u2014 seja pelo fim de um relacionamento, pela perda de um ente querido ou at\u00e9 pela perda de um emprego.<\/p><p data-start=\"2937\" data-end=\"3148\">A terapia oferece um espa\u00e7o onde a pessoa \u00e9 ouvida, compreendida e aceita. N\u00e3o h\u00e1 julgamentos. Meu papel \u00e9 apoiar e guiar cada indiv\u00edduo em sua jornada, deixando-o em uma condi\u00e7\u00e3o melhor do que quando come\u00e7ou.<\/p>\t\t\t\t\t\t\t\t<\/div>\n\t\t\t\t\t<\/div>\n\t\t\t\t<\/div>\n\t\t\t\t<\/div>\n\t\t","protected":false},"excerpt":{"rendered":"<p>Quem \u00e9 Marcela Bonturi? Meu nome \u00e9 Marcela Bonturi. Sou formada em Psicoterapia pela Universidade FMU, em S\u00e3o Paulo \u2013 Brasil. Em 2010, mudei-me para a Irlanda e tornei-me membro da Psychological Society of Ireland. Atualmente, vivo e trabalho em Dublin. Atua\u00e7\u00e3o com Terapia Cognitivo-Comportamental (TCC): uma excelente abordagem para tratar transtornos de p\u00e2nico, ansiedade, [&hellip;]<\/p>\n","protected":false},"author":2,"featured_media":0,"parent":0,"menu_order":0,"comment_status":"closed","ping_status":"closed","template":"","meta":{"footnotes":""},"class_list":["post-544","page","type-page","status-publish","hentry"],"yoast_head":"<!-- This site is optimized with the Yoast SEO plugin v27.4 - https:\/\/yoast.com\/product\/yoast-seo-wordpress\/ -->\n<title>Marcela Bonturi | Psicoterapeuta em Dublin Marcela Bonturi<\/title>\n<meta name=\"description\" content=\"Conhe\u00e7a Marcela Bonturi, psicoterapeuta em Dublin. Atendimento acolhedor e terapias personalizadas para equil\u00edbrio emocional e bem-estar.\" \/>\n<meta name=\"robots\" content=\"index, follow, max-snippet:-1, max-image-preview:large, max-video-preview:-1\" \/>\n<link rel=\"canonical\" href=\"https:\/\/marcelabonturi.com\/pt\/marcela-bonturi\/\" \/>\n<meta property=\"og:locale\" content=\"pt_BR\" \/>\n<meta property=\"og:type\" content=\"article\" \/>\n<meta property=\"og:title\" content=\"Marcela Bonturi | Psicoterapeuta em Dublin Marcela Bonturi\" \/>\n<meta property=\"og:description\" content=\"Conhe\u00e7a Marcela Bonturi, psicoterapeuta em Dublin. Atendimento acolhedor e terapias personalizadas para equil\u00edbrio emocional e bem-estar.\" \/>\n<meta property=\"og:url\" content=\"https:\/\/marcelabonturi.com\/pt\/marcela-bonturi\/\" \/>\n<meta property=\"og:site_name\" content=\"Psicoterapeuta em Dublin Marcela Bonturi\" \/>\n<meta property=\"article:publisher\" content=\"https:\/\/www.facebook.com\/marcela.bonturi7\" \/>\n<meta property=\"article:modified_time\" content=\"2025-09-23T14:21:10+00:00\" \/>\n<meta property=\"og:image\" content=\"https:\/\/marcelabonturi.com\/pt\/wp-content\/uploads\/2025\/09\/marcela-03.png\" \/>\n<meta name=\"twitter:card\" content=\"summary_large_image\" \/>\n<meta name=\"twitter:label1\" content=\"Est. tempo de leitura\" \/>\n\t<meta name=\"twitter:data1\" content=\"3 minutos\" \/>\n<script type=\"application\/ld+json\" class=\"yoast-schema-graph\">{\"@context\":\"https:\\\/\\\/schema.org\",\"@graph\":[{\"@type\":\"WebPage\",\"@id\":\"https:\\\/\\\/marcelabonturi.com\\\/pt\\\/marcela-bonturi\\\/\",\"url\":\"https:\\\/\\\/marcelabonturi.com\\\/pt\\\/marcela-bonturi\\\/\",\"name\":\"Marcela Bonturi | Psicoterapeuta em Dublin Marcela Bonturi\",\"isPartOf\":{\"@id\":\"https:\\\/\\\/marcelabonturi.com\\\/pt\\\/#website\"},\"primaryImageOfPage\":{\"@id\":\"https:\\\/\\\/marcelabonturi.com\\\/pt\\\/marcela-bonturi\\\/#primaryimage\"},\"image\":{\"@id\":\"https:\\\/\\\/marcelabonturi.com\\\/pt\\\/marcela-bonturi\\\/#primaryimage\"},\"thumbnailUrl\":\"https:\\\/\\\/marcelabonturi.com\\\/pt\\\/wp-content\\\/uploads\\\/2025\\\/09\\\/marcela-03.png\",\"datePublished\":\"2025-09-11T17:05:24+00:00\",\"dateModified\":\"2025-09-23T14:21:10+00:00\",\"description\":\"Conhe\u00e7a Marcela Bonturi, psicoterapeuta em Dublin. Atendimento acolhedor e terapias personalizadas para equil\u00edbrio emocional e bem-estar.\",\"breadcrumb\":{\"@id\":\"https:\\\/\\\/marcelabonturi.com\\\/pt\\\/marcela-bonturi\\\/#breadcrumb\"},\"inLanguage\":\"pt-BR\",\"potentialAction\":[{\"@type\":\"ReadAction\",\"target\":[\"https:\\\/\\\/marcelabonturi.com\\\/pt\\\/marcela-bonturi\\\/\"]}]},{\"@type\":\"ImageObject\",\"inLanguage\":\"pt-BR\",\"@id\":\"https:\\\/\\\/marcelabonturi.com\\\/pt\\\/marcela-bonturi\\\/#primaryimage\",\"url\":\"https:\\\/\\\/marcelabonturi.com\\\/pt\\\/wp-content\\\/uploads\\\/2025\\\/09\\\/marcela-03.png\",\"contentUrl\":\"https:\\\/\\\/marcelabonturi.com\\\/pt\\\/wp-content\\\/uploads\\\/2025\\\/09\\\/marcela-03.png\",\"width\":573,\"height\":686},{\"@type\":\"BreadcrumbList\",\"@id\":\"https:\\\/\\\/marcelabonturi.com\\\/pt\\\/marcela-bonturi\\\/#breadcrumb\",\"itemListElement\":[{\"@type\":\"ListItem\",\"position\":1,\"name\":\"In\u00edcio\",\"item\":\"https:\\\/\\\/marcelabonturi.com\\\/pt\\\/\"},{\"@type\":\"ListItem\",\"position\":2,\"name\":\"Marcela Bonturi\"}]},{\"@type\":\"WebSite\",\"@id\":\"https:\\\/\\\/marcelabonturi.com\\\/pt\\\/#website\",\"url\":\"https:\\\/\\\/marcelabonturi.com\\\/pt\\\/\",\"name\":\"Marcela Bonturi Psic\u00f3loga Cl\u00ednica em Dublin\",\"description\":\"\",\"publisher\":{\"@id\":\"https:\\\/\\\/marcelabonturi.com\\\/pt\\\/#organization\"},\"potentialAction\":[{\"@type\":\"SearchAction\",\"target\":{\"@type\":\"EntryPoint\",\"urlTemplate\":\"https:\\\/\\\/marcelabonturi.com\\\/pt\\\/?s={search_term_string}\"},\"query-input\":{\"@type\":\"PropertyValueSpecification\",\"valueRequired\":true,\"valueName\":\"search_term_string\"}}],\"inLanguage\":\"pt-BR\"},{\"@type\":\"Organization\",\"@id\":\"https:\\\/\\\/marcelabonturi.com\\\/pt\\\/#organization\",\"name\":\"Marcela Bonturi Psicoterapeuta\",\"url\":\"https:\\\/\\\/marcelabonturi.com\\\/pt\\\/\",\"logo\":{\"@type\":\"ImageObject\",\"inLanguage\":\"pt-BR\",\"@id\":\"https:\\\/\\\/marcelabonturi.com\\\/pt\\\/#\\\/schema\\\/logo\\\/image\\\/\",\"url\":\"https:\\\/\\\/marcelabonturi.com\\\/pt\\\/wp-content\\\/uploads\\\/2021\\\/01\\\/marcela-bonturi_share.jpg\",\"contentUrl\":\"https:\\\/\\\/marcelabonturi.com\\\/pt\\\/wp-content\\\/uploads\\\/2021\\\/01\\\/marcela-bonturi_share.jpg\",\"width\":1200,\"height\":630,\"caption\":\"Marcela Bonturi Psicoterapeuta\"},\"image\":{\"@id\":\"https:\\\/\\\/marcelabonturi.com\\\/pt\\\/#\\\/schema\\\/logo\\\/image\\\/\"},\"sameAs\":[\"https:\\\/\\\/www.facebook.com\\\/marcela.bonturi7\",\"https:\\\/\\\/www.instagram.com\\\/marcela.bonturi\\\/\",\"https:\\\/\\\/www.linkedin.com\\\/in\\\/marcela-bonturi-6425ab8b\\\/\",\"https:\\\/\\\/www.youtube.com\\\/channel\\\/UCQby32_mE_lWtuAMS6PQmow\\\/featured\"]}]}<\/script>\n<!-- \/ Yoast SEO plugin. -->","yoast_head_json":{"title":"Marcela Bonturi | Psicoterapeuta em Dublin Marcela Bonturi","description":"Conhe\u00e7a Marcela Bonturi, psicoterapeuta em Dublin. Atendimento acolhedor e terapias personalizadas para equil\u00edbrio emocional e bem-estar.","robots":{"index":"index","follow":"follow","max-snippet":"max-snippet:-1","max-image-preview":"max-image-preview:large","max-video-preview":"max-video-preview:-1"},"canonical":"https:\/\/marcelabonturi.com\/pt\/marcela-bonturi\/","og_locale":"pt_BR","og_type":"article","og_title":"Marcela Bonturi | Psicoterapeuta em Dublin Marcela Bonturi","og_description":"Conhe\u00e7a Marcela Bonturi, psicoterapeuta em Dublin. Atendimento acolhedor e terapias personalizadas para equil\u00edbrio emocional e bem-estar.","og_url":"https:\/\/marcelabonturi.com\/pt\/marcela-bonturi\/","og_site_name":"Psicoterapeuta em Dublin Marcela Bonturi","article_publisher":"https:\/\/www.facebook.com\/marcela.bonturi7","article_modified_time":"2025-09-23T14:21:10+00:00","og_image":[{"url":"https:\/\/marcelabonturi.com\/pt\/wp-content\/uploads\/2025\/09\/marcela-03.png","type":"","width":"","height":""}],"twitter_card":"summary_large_image","twitter_misc":{"Est. tempo de leitura":"3 minutos"},"schema":{"@context":"https:\/\/schema.org","@graph":[{"@type":"WebPage","@id":"https:\/\/marcelabonturi.com\/pt\/marcela-bonturi\/","url":"https:\/\/marcelabonturi.com\/pt\/marcela-bonturi\/","name":"Marcela Bonturi | Psicoterapeuta em Dublin Marcela Bonturi","isPartOf":{"@id":"https:\/\/marcelabonturi.com\/pt\/#website"},"primaryImageOfPage":{"@id":"https:\/\/marcelabonturi.com\/pt\/marcela-bonturi\/#primaryimage"},"image":{"@id":"https:\/\/marcelabonturi.com\/pt\/marcela-bonturi\/#primaryimage"},"thumbnailUrl":"https:\/\/marcelabonturi.com\/pt\/wp-content\/uploads\/2025\/09\/marcela-03.png","datePublished":"2025-09-11T17:05:24+00:00","dateModified":"2025-09-23T14:21:10+00:00","description":"Conhe\u00e7a Marcela Bonturi, psicoterapeuta em Dublin. Atendimento acolhedor e terapias personalizadas para equil\u00edbrio emocional e bem-estar.","breadcrumb":{"@id":"https:\/\/marcelabonturi.com\/pt\/marcela-bonturi\/#breadcrumb"},"inLanguage":"pt-BR","potentialAction":[{"@type":"ReadAction","target":["https:\/\/marcelabonturi.com\/pt\/marcela-bonturi\/"]}]},{"@type":"ImageObject","inLanguage":"pt-BR","@id":"https:\/\/marcelabonturi.com\/pt\/marcela-bonturi\/#primaryimage","url":"https:\/\/marcelabonturi.com\/pt\/wp-content\/uploads\/2025\/09\/marcela-03.png","contentUrl":"https:\/\/marcelabonturi.com\/pt\/wp-content\/uploads\/2025\/09\/marcela-03.png","width":573,"height":686},{"@type":"BreadcrumbList","@id":"https:\/\/marcelabonturi.com\/pt\/marcela-bonturi\/#breadcrumb","itemListElement":[{"@type":"ListItem","position":1,"name":"In\u00edcio","item":"https:\/\/marcelabonturi.com\/pt\/"},{"@type":"ListItem","position":2,"name":"Marcela Bonturi"}]},{"@type":"WebSite","@id":"https:\/\/marcelabonturi.com\/pt\/#website","url":"https:\/\/marcelabonturi.com\/pt\/","name":"Marcela Bonturi Psic\u00f3loga Cl\u00ednica em Dublin","description":"","publisher":{"@id":"https:\/\/marcelabonturi.com\/pt\/#organization"},"potentialAction":[{"@type":"SearchAction","target":{"@type":"EntryPoint","urlTemplate":"https:\/\/marcelabonturi.com\/pt\/?s={search_term_string}"},"query-input":{"@type":"PropertyValueSpecification","valueRequired":true,"valueName":"search_term_string"}}],"inLanguage":"pt-BR"},{"@type":"Organization","@id":"https:\/\/marcelabonturi.com\/pt\/#organization","name":"Marcela Bonturi Psicoterapeuta","url":"https:\/\/marcelabonturi.com\/pt\/","logo":{"@type":"ImageObject","inLanguage":"pt-BR","@id":"https:\/\/marcelabonturi.com\/pt\/#\/schema\/logo\/image\/","url":"https:\/\/marcelabonturi.com\/pt\/wp-content\/uploads\/2021\/01\/marcela-bonturi_share.jpg","contentUrl":"https:\/\/marcelabonturi.com\/pt\/wp-content\/uploads\/2021\/01\/marcela-bonturi_share.jpg","width":1200,"height":630,"caption":"Marcela Bonturi Psicoterapeuta"},"image":{"@id":"https:\/\/marcelabonturi.com\/pt\/#\/schema\/logo\/image\/"},"sameAs":["https:\/\/www.facebook.com\/marcela.bonturi7","https:\/\/www.instagram.com\/marcela.bonturi\/","https:\/\/www.linkedin.com\/in\/marcela-bonturi-6425ab8b\/","https:\/\/www.youtube.com\/channel\/UCQby32_mE_lWtuAMS6PQmow\/featured"]}]}},"_links":{"self":[{"href":"https:\/\/marcelabonturi.com\/pt\/wp-json\/wp\/v2\/pages\/544","targetHints":{"allow":["GET"]}}],"collection":[{"href":"https:\/\/marcelabonturi.com\/pt\/wp-json\/wp\/v2\/pages"}],"about":[{"href":"https:\/\/marcelabonturi.com\/pt\/wp-json\/wp\/v2\/types\/page"}],"author":[{"embeddable":true,"href":"https:\/\/marcelabonturi.com\/pt\/wp-json\/wp\/v2\/users\/2"}],"replies":[{"embeddable":true,"href":"https:\/\/marcelabonturi.com\/pt\/wp-json\/wp\/v2\/comments?post=544"}],"version-history":[{"count":7,"href":"https:\/\/marcelabonturi.com\/pt\/wp-json\/wp\/v2\/pages\/544\/revisions"}],"predecessor-version":[{"id":568,"href":"https:\/\/marcelabonturi.com\/pt\/wp-json\/wp\/v2\/pages\/544\/revisions\/568"}],"wp:attachment":[{"href":"https:\/\/marcelabonturi.com\/pt\/wp-json\/wp\/v2\/media?parent=544"}],"curies":[{"name":"wp","href":"https:\/\/api.w.org\/{rel}","templated":true}]}}